{"id":14,"date":"2022-01-03T14:23:58","date_gmt":"2022-01-03T14:23:58","guid":{"rendered":"https:\/\/tall19.ffzg.unizg.hr\/?page_id=14"},"modified":"2025-04-07T13:34:52","modified_gmt":"2025-04-07T13:34:52","slug":"about","status":"publish","type":"page","link":"https:\/\/tall19.ffzg.unizg.hr\/en\/about\/","title":{"rendered":"About"},"content":{"rendered":"<p style=\"text-align: justify;\">U istra\u017eivanju polazimo od pretpostavke da su transatlantske kulture uvelike odredile intelektualnu konstituciju globalne modernosti (vidi J\u00fcrgen Osterhammel, <em>Die Verwandlung der Welt. Eine Geschichte des 19. Jahrhunderts<\/em>, 2009). U fokusu istra\u017eivanja nam je uloga koju je u dugome 19. stolje\u0107u odigrala transatlantska knji\u017eevnost kao instrument prorade pojmova kakvi su grad, rad, psihopolitika, biopolitika, mobilnost. Upravo ta prorada nalazi poslije svoje mjesto u kulturnoj i kriti\u010dkoj teoriji, te se pokazuje va\u017enom za suvremeno shva\u0107anje humanisti\u010dkih znanosti. Stoga je glavna svrha na\u0161ega istra\u017eivanja proizvodnja znanja koje \u0107e strukturno unaprijediti postoje\u0107e uvide u modernu konstituciju globalnosti. Cilj nam je provesti istra\u017eivanje transatlantske knji\u017eevnosti u dugome 19. stolje\u0107u s fokusom na spomenuti pojmovni klaster. Metodolo\u0161ko upori\u0161te su nam interdisciplinarni protokoli ameri\u010dkih i engleskih studija. U\u017eu istra\u017eiva\u010dku grupu \u010dine Tatjana Juki\u0107 Greguri\u0107, Borislav Kne\u017eevi\u0107, Jelena \u0160esni\u0107 i Martina Domines.<\/p>\n","protected":false},"excerpt":{"rendered":"<p>U istra\u017eivanju polazimo od pretpostavke da su transatlantske kulture uvelike odredile intelektualnu konstituciju globalne modernosti (vidi J\u00fcrgen Osterhammel, Die Verwandlung der Welt. Eine Geschichte des 19. Jahrhunderts, 2009). U fokusu istra\u017eivanja nam je uloga koju je u dugome 19. stolje\u0107u odigrala transatlantska knji\u017eevnost kao instrument prorade pojmova kakvi su grad, rad, psihopolitika, biopolitika, mobilnost. Upravo &hellip;<\/p>\n<p class=\"read-more\"> <a class=\"\" href=\"https:\/\/tall19.ffzg.unizg.hr\/en\/about\/\"> <span class=\"screen-reader-text\">About<\/span> Read More &raquo;<\/a><\/p>\n","protected":false},"author":1,"featured_media":0,"parent":0,"menu_order":0,"comment_status":"closed","ping_status":"closed","template":"","meta":{"site-sidebar-layout":"default","site-content-layout":"default","ast-global-header-display":"","ast-main-header-display":"","ast-hfb-above-header-display":"","ast-hfb-below-header-display":"","ast-hfb-mobile-header-display":"","site-post-title":"","ast-breadcrumbs-content":"","ast-featured-img":"","footer-sml-layout":"","theme-transparent-header-meta":"default","adv-header-id-meta":"","stick-header-meta":"","header-above-stick-meta":"","header-main-stick-meta":"","header-below-stick-meta":"","footnotes":""},"class_list":["post-14","page","type-page","status-publish","hentry"],"_links":{"self":[{"href":"https:\/\/tall19.ffzg.unizg.hr\/en\/wp-json\/wp\/v2\/pages\/14","targetHints":{"allow":["GET"]}}],"collection":[{"href":"https:\/\/tall19.ffzg.unizg.hr\/en\/wp-json\/wp\/v2\/pages"}],"about":[{"href":"https:\/\/tall19.ffzg.unizg.hr\/en\/wp-json\/wp\/v2\/types\/page"}],"author":[{"embeddable":true,"href":"https:\/\/tall19.ffzg.unizg.hr\/en\/wp-json\/wp\/v2\/users\/1"}],"replies":[{"embeddable":true,"href":"https:\/\/tall19.ffzg.unizg.hr\/en\/wp-json\/wp\/v2\/comments?post=14"}],"version-history":[{"count":10,"href":"https:\/\/tall19.ffzg.unizg.hr\/en\/wp-json\/wp\/v2\/pages\/14\/revisions"}],"predecessor-version":[{"id":571,"href":"https:\/\/tall19.ffzg.unizg.hr\/en\/wp-json\/wp\/v2\/pages\/14\/revisions\/571"}],"wp:attachment":[{"href":"https:\/\/tall19.ffzg.unizg.hr\/en\/wp-json\/wp\/v2\/media?parent=14"}],"curies":[{"name":"wp","href":"https:\/\/api.w.org\/{rel}","templated":true}]}}