{"id":16,"date":"2022-01-03T14:23:59","date_gmt":"2022-01-03T14:23:59","guid":{"rendered":"https:\/\/tall19.ffzg.unizg.hr\/?page_id=16"},"modified":"2023-11-14T13:34:48","modified_gmt":"2023-11-14T13:34:48","slug":"members","status":"publish","type":"page","link":"https:\/\/tall19.ffzg.unizg.hr\/en\/members\/","title":{"rendered":"Members"},"content":{"rendered":"<table style=\"border-collapse: collapse; width: 100%; height: 1356px;\">\n<tbody>\n<tr style=\"height: 492px;\">\n<td style=\"width: 100%; height: 492px; text-align: justify;\"><strong><br \/>\n<\/strong><img loading=\"lazy\" decoding=\"async\" class=\"size-medium wp-image-350 alignleft\" src=\"https:\/\/tall19.ffzg.unizg.hr\/wp-content\/uploads\/2023\/01\/TALL19_foto-Jukic-255x300.png\" alt=\"\" width=\"255\" height=\"300\" srcset=\"https:\/\/tall19.ffzg.unizg.hr\/wp-content\/uploads\/2023\/01\/TALL19_foto-Jukic-255x300.png 255w, https:\/\/tall19.ffzg.unizg.hr\/wp-content\/uploads\/2023\/01\/TALL19_foto-Jukic.png 280w\" sizes=\"auto, (max-width: 255px) 100vw, 255px\" \/><strong>Professor Tatjana Juki\u0107<br \/>\nPrincipal Investigator<br \/>\n<\/strong>Tatjana Juki\u0107 is Professor and Chair of English Literature in the Department of English at the Faculty of Humanities and Social Sciences, University of Zagreb, where she teaches Victorian literature and arts, and film studies. She has been invited to lecture on literary history, theory and film by universities and research institutes in the United States, China, the United Kingdom, Ireland, Sweden, Germany, Hungary, Serbia, Slovenia, and Bosnia and Herzegovina. President of the Croatian Association for the Study of English. From 2014 to 2018 she was the Principal Investigator in the research project titled \u201eA Cultural History of Capitalism: Britain, America, Croatia\u201c (funded by The Croatian Science Foundation).<br \/>\nJuki\u0107 is author of two books: <em>Liking, Dislike, Supervision. Literature and the Visual in Victorian Britain <\/em>(<em>Zazor, nadzor, svi\u0111anje. Dodiri knji\u017eevnog i vizualnog u britanskom devetnaestom stolje\u0107u<\/em>, Zagreb, 2002) and <em>Revolution and Melancholia. Limits of Literary Memory<\/em> (<em>Revolucija i melankolija. Granice pam\u0107enja hrvatske knji\u017eevnosti<\/em>, Zagreb, 2011). While the first explores the intersections of the visual and the literary in Victorian culture in relation to the Victorian handling of politics, colonial experience, subjectivity and sexuality, the second undertakes to analyze the complex relationship of the event of the revolution in modern societies, especially in the former Yugoslavia, to the junctures of subjectivity and political economy. <em>Revolution and Melancholia<\/em> was singled out by <em>Oslobo\u0111enje<\/em>, the leading Sarajevo daily newspaper, as the event of 2011 in literary studies. In addition, Juki\u0107 has published in <em>The Henry James Review<\/em>, <em>Victorian Studies<\/em>, <em>Orbis Litterarum<\/em>, <em>Style<\/em>, <em>Neue Rundschau<\/em> and <em>European Journal of English Studies<\/em>, among others. Her most recent research, on the Victorian chthonic sublime, came out in <em>The Cambridge Companion to the Romantic Sublime<\/em> (ed. Cian Duffy), 2023. She is currently completing a book titled <em>The Invention of Masochism<\/em>. <em>Croatian Literature in Austria-Hungary<\/em>.<\/td>\n<\/tr>\n<tr style=\"height: 108px;\">\n<td style=\"width: 100%; height: 108px; text-align: justify;\"><strong><br \/>\nProfessor Borislav Kne\u017eevi\u0107<br \/>\n<\/strong>Borislav Kne\u017eevi\u0107 is Professor in the Department of English at the Faculty of Humanities and Social Sciences, University of Zagreb. He teaches courses in Victorian literature, the modern British novel and history of the English novel. As visiting assistant professor he worked at Wake Forest University in 1998-2000, and again in 2003\/4.<br \/>\nHe is the author of two books: <em>Figures of Finance Capitalism. Writing, Class, and Capital in the Age of Dickens<\/em> (2003) and <em>Reading Joyce after the Postcolonial Turn <\/em>(2012). He has also published a number of articles dealing with Victorian novels, topics in film studies, and approaches to the study of English literature as an academic discipline. His work, both in the two books and in the published articles, has most often been focused on social and economic topics in English literature. He is currently working on thematizations of work in Victorian literature.<\/td>\n<\/tr>\n<tr style=\"height: 378px;\">\n<td style=\"width: 100%; height: 378px;\">&nbsp;<\/p>\n<p style=\"text-align: justify;\"><img loading=\"lazy\" decoding=\"async\" class=\"size-medium wp-image-378 alignleft\" src=\"https:\/\/tall19.ffzg.unizg.hr\/wp-content\/uploads\/2023\/01\/Tall19-Foto-Sesnic-212x300.png\" alt=\"\" width=\"212\" height=\"300\" srcset=\"https:\/\/tall19.ffzg.unizg.hr\/wp-content\/uploads\/2023\/01\/Tall19-Foto-Sesnic-212x300.png 212w, https:\/\/tall19.ffzg.unizg.hr\/wp-content\/uploads\/2023\/01\/Tall19-Foto-Sesnic.png 233w\" sizes=\"auto, (max-width: 212px) 100vw, 212px\" \/><strong>Jelena \u0160esni\u0107, Full Professor<\/strong><br \/>\nI teach American literature and culture in the Department of English at the Faculty of the Humanities and Social Sciences in Zagreb, where I am also the Chair of American Studies Program. My research \u00a0is focused on the American and transatlantic nineteenth-century, methodologies of American Studies, the cultural production of the Anglophone Croatian diaspora, and memory studies.<strong><br \/>\n<\/strong><\/p>\n<\/td>\n<\/tr>\n<tr style=\"height: 378px;\">\n<td style=\"width: 100%; height: 378px;\"><strong>\u00a0<\/strong><\/p>\n<p style=\"text-align: justify;\"><img loading=\"lazy\" decoding=\"async\" class=\"size-medium wp-image-367 alignleft\" src=\"https:\/\/tall19.ffzg.unizg.hr\/wp-content\/uploads\/2023\/01\/Tall19_Martina_foto-225x300.png\" alt=\"\" width=\"225\" height=\"300\" srcset=\"https:\/\/tall19.ffzg.unizg.hr\/wp-content\/uploads\/2023\/01\/Tall19_Martina_foto-225x300.png 225w, https:\/\/tall19.ffzg.unizg.hr\/wp-content\/uploads\/2023\/01\/Tall19_Martina_foto.png 247w\" sizes=\"auto, (max-width: 225px) 100vw, 225px\" \/><strong> Martina Domines, Associate Professor<\/strong><br \/>\nMartina Domines is Associate Professor in the English Department, Faculty of Humanities and Social Sciences, University of Zagreb, Croatia. She is the author of <em>William Wordsworth and Romantic Memory <\/em>(<em>William Wordsworth i romanti\u010dko sje\u0107anje<\/em>, Zagreb: FFPress, 2021) and co-editor with Cian Duffy of <em>Romanticism and the Cultures of Infancy<\/em> (Cham Switzerland: Palgrave Macmillan, 2020). She has published widely on the writers of British Romanticism. Her interests include literary history, the intersections of ethics, aesthetics and politics, trauma theory and the new poverty studies. Since she finished the programme of the Centre for Women\u2019s Studies, Zagreb, in 2021, her interests have been enlarged to include women\u2019s writing with the special focus on the British working-class women writers.<br \/>\nShe is currently the deputy head of the English Department and the vice-president of the Croatian Association for the Study of English.<\/p>\n<p>&nbsp;<\/td>\n<\/tr>\n<\/tbody>\n<\/table>\n<p>&nbsp;<\/p>\n<p>&nbsp;<\/p>\n<p>&nbsp;<\/p>\n","protected":false},"excerpt":{"rendered":"<p>Professor Tatjana Juki\u0107 Principal Investigator Tatjana Juki\u0107 is Professor and Chair of English Literature in the Department of English at the Faculty of Humanities and Social Sciences, University of Zagreb, where she teaches Victorian literature and arts, and film studies. She has been invited to lecture on literary history, theory and film by universities and &hellip;<\/p>\n<p class=\"read-more\"> <a class=\"\" href=\"https:\/\/tall19.ffzg.unizg.hr\/en\/members\/\"> <span class=\"screen-reader-text\">Members<\/span> Read More &raquo;<\/a><\/p>\n","protected":false},"author":1,"featured_media":0,"parent":0,"menu_order":0,"comment_status":"closed","ping_status":"closed","template":"","meta":{"site-sidebar-layout":"default","site-content-layout":"default","ast-global-header-display":"","ast-main-header-display":"","ast-hfb-above-header-display":"","ast-hfb-below-header-display":"","ast-hfb-mobile-header-display":"","site-post-title":"","ast-breadcrumbs-content":"","ast-featured-img":"","footer-sml-layout":"","theme-transparent-header-meta":"default","adv-header-id-meta":"","stick-header-meta":"","header-above-stick-meta":"","header-main-stick-meta":"","header-below-stick-meta":"","footnotes":""},"class_list":["post-16","page","type-page","status-publish","hentry"],"_links":{"self":[{"href":"https:\/\/tall19.ffzg.unizg.hr\/en\/wp-json\/wp\/v2\/pages\/16","targetHints":{"allow":["GET"]}}],"collection":[{"href":"https:\/\/tall19.ffzg.unizg.hr\/en\/wp-json\/wp\/v2\/pages"}],"about":[{"href":"https:\/\/tall19.ffzg.unizg.hr\/en\/wp-json\/wp\/v2\/types\/page"}],"author":[{"embeddable":true,"href":"https:\/\/tall19.ffzg.unizg.hr\/en\/wp-json\/wp\/v2\/users\/1"}],"replies":[{"embeddable":true,"href":"https:\/\/tall19.ffzg.unizg.hr\/en\/wp-json\/wp\/v2\/comments?post=16"}],"version-history":[{"count":32,"href":"https:\/\/tall19.ffzg.unizg.hr\/en\/wp-json\/wp\/v2\/pages\/16\/revisions"}],"predecessor-version":[{"id":511,"href":"https:\/\/tall19.ffzg.unizg.hr\/en\/wp-json\/wp\/v2\/pages\/16\/revisions\/511"}],"wp:attachment":[{"href":"https:\/\/tall19.ffzg.unizg.hr\/en\/wp-json\/wp\/v2\/media?parent=16"}],"curies":[{"name":"wp","href":"https:\/\/api.w.org\/{rel}","templated":true}]}}