{"id":201,"date":"2022-03-30T11:42:08","date_gmt":"2022-03-30T11:42:08","guid":{"rendered":"https:\/\/tall19.ffzg.unizg.hr\/?page_id=201"},"modified":"2023-11-21T18:46:02","modified_gmt":"2023-11-21T18:46:02","slug":"publications","status":"publish","type":"page","link":"https:\/\/tall19.ffzg.unizg.hr\/en\/publications\/","title":{"rendered":"Publications"},"content":{"rendered":"<p><span style=\"font-size: 18pt;\">Tatjana Juki\u0107<\/span><\/p>\n<p><strong>Book chapters and articles:<\/strong><br \/>\n\u00b7 &#8220;The Victorian Chthonic Sublime,&#8221; <em>The Cambridge Companion to the Romantic Sublime<\/em>, ed. Cian Duffy, Cambridge: Cambridge University Press, 2023, 223-235.<br \/>\n. &#8220;Hitchcockove glave: <em>Sjever-sjeverozapad<\/em>&#8220;. Filmska \u010ditanka. Kinoklub Zagreb. 21.09.2023.<a href=\"https:\/\/kkz.hr\/vijesti\/hitchcockove-glave-sjever-sjeverozapad\"> https:\/\/kkz.hr\/vijesti\/hitchcockove-glave-sjever-sjeverozapad<\/a><br \/>\n. &#8220;Alfred Tennyson: Gospa od Shalotta&#8221;. <em>Najbolje knjige<\/em>. 06.07.2023. <a href=\"https:\/\/www.najboljeknjige.com\/vijesti\/alfred-tennyson-gospa-od-shalotta\">https:\/\/www.najboljeknjige.com\/vijesti\/alfred-tennyson-gospa-od-shalotta<\/a><br \/>\n. &#8220;<em>Defining Pre-Raphaelite Poetics <\/em>ed. by Heather Bozant Witcher and Amy Kahrmann Huseby (review).&#8221; <em>Victorian Studies<\/em>. 65\/1. 2022, 150-151.<br \/>\n\u00b7 &#8220;Melankoli\u010dni Smiley&#8221;, <em>Vijenac : novine Matice hrvatske za knji\u017eevnost, umjetnost i znanost,<\/em> XXX (2022), 750; 23-23. (<a href=\"https:\/\/tall19.ffzg.unizg.hr\/wp-content\/uploads\/2023\/01\/Jukic_Melankolicni-Smiley_Vijenac_2022.pdf\">download <span style=\"background-color: #f7eded;\">.pdf<\/span><\/a>).<br \/>\n\u00b7 &#8220;Bilje\u0161ka o Browningu: Ljubav sred ru\u0161evina&#8221;, 2022. <a href=\"https:\/\/www.najboljeknjige.com\/vijesti\/biljeska-o-browningu-ljubav-sred-rusevina\">https:\/\/www.najboljeknjige.com\/vijesti\/biljeska-o-browningu-ljubav-sred-rusevina<\/a><br \/>\n\u00b7 &#8220;Tajni vrtovi pripovijedanja. Pogovor&#8221;, U: Frances Hodgson Burnett,<em> Tajni vrt, <\/em>ur. Miroslava Vu\u010di\u0107. Zagreb: \u0160kolska knjiga, 2022. 261-268.<br \/>\n\u00b7 \u201cAusten and Osterhammel: The Transformation of the World and the Novel in the Nineteenth Century,\u201d <i>Zagreber Germanistische Beitr\u00e4ge<\/i>, Beiheft 10, 2022, 69-84. (<a href=\"https:\/\/tall19.ffzg.unizg.hr\/wp-content\/uploads\/2023\/01\/Jukic_ZGB_Austen-and-Osterhammel_2022.pdf\">download <span style=\"background-color: #f7eded;\">.pdf<\/span><\/a>).<br \/>\n\u00b7 \u201cThe melancholy condition of realism (With notes on Lars von Trier\u2019s <i> Melancholia<\/i>),\u201d <i>Orbis Litterarum<\/i>, 76 (4), 2021, 191-203.<br \/>\n\u00b7 \u201cRealism and translation: Charlotte Bront\u00eb\u2019s Jane Eyre for an Austro-Hungarian minority and beyond.\u201d Landscapes of Realism. Rethinking literary realism in comparative perspectives. Volume I: Mapping realism (eds. Dirk G\u00f6ttsche, Rosa Mucignat, Robert Weninger). Amsterdam, Philadelphia: John Benjamins, 2021, 231-244.<br \/>\n\u00b7 \u201cOphelia Antigonized: A Pre-Raphaelite Hamlet for Industrial Modernity,\u201d Working Papers in American Studies, 4, 2020, 5-44. (<a href=\"https:\/\/tall19.ffzg.unizg.hr\/wp-content\/uploads\/2023\/01\/Jukic_Ophelia-Antigonized_2021.pdf\">download <span style=\"background-color: #f7eded;\">.pdf<\/span><\/a>).<br \/>\n\u00b7 \u201cZagreb,\u201d The Palgrave Encyclopedia of Urban Literary Studies (ed. Jeremy Tambling), 2020, <a href=\"https:\/\/link.springer.com\/referenceworkentry\/10.1007\/978-3-319-62592-8_130-1\" target=\"_blank\" rel=\"noopener noreferrer\">https:\/\/link.springer.com\/referenceworkentry\/10.1007\/978-3-319-62592-8_130-1<\/a><br \/>\n\u00b7 \u201cJane Austen i roman 19. stolje\u0107a: obrazovanje fokalizacijske svijesti,\u201d Knji\u017eevna smotra, 195\/52, 2020, 11-19.<br \/>\n\u00b7 \u201cCaught between American Melancholy and European Masochism: Notes on Madame de Mauves,\u201d The Henry James Review, 40\/3 (2019), 270-275.<br \/>\n\u00b7 \u201cA Narrative Theory for the October Revolution (From Maugham to Benjamin and Back).\u201d The Russian Revolution as Ideal and Practice. Failures, Legacies, and the Future of the Revolution (eds. Thomas Telios, Dieter Thom\u00e4, Ulrich Schmid). Cham: Palgrave Macmillan, 2019, 143-163.<br \/>\n\u00b7 \u201cHrvatski roman 1960-ih: od metafore prema parataksi.\u201d Metafore u hrvatskome jeziku, knji\u017eevnosti i kulturi. Zbornik radova 47. seminara Zagreba\u010dke slavisti\u010dke \u0161kole (eds. Lana Molvarec, Tatjana Pi\u0161kovi\u0107). Zagreb: Filozofski fakultet Sveu\u010dili\u0161ta u Zagrebu i Zagreba\u010dka slavisti\u010dka \u0161kola \u2013 Hrvatski seminar za strane slaviste, 2019, 111-122.<\/p>\n<p>&nbsp;<\/p>\n<p style=\"text-align: center;\"><span style=\"color: #d6a7a7;\">*************************<\/span><\/p>\n<p><span style=\"font-size: 18pt;\">Borislav Kne\u017eevi\u0107<\/span><\/p>\n<p><strong>Publications:<\/strong><\/p>\n<p><em>\u00b7 <\/em>\u201cThe Idiom of Accounting in the English Novel: A Few Remarks\u201d (forthcoming). <em>Ekonomija i knji\u017eevnost<\/em> (Zagreb; Hrvatska sveu\u010dili\u0161na naklada, 2023), editors Marijana Hamer\u0161ak, Ma\u0161a Kolanovi\u0107 and Lana Molvarec)<\/p>\n<p><em>\u00b7 <\/em>\u201cCirculation of Capital in Great Expectations.\u201d <em>Studia Romanica et Anglica Zagrabiensia<\/em> LXIV, 71-99 (2019)<br \/>\n<a href=\"https:\/\/hrcak.srce.hr\/en\/clanak\/350566\">https:\/\/hrcak.srce.hr\/en\/clanak\/350566<\/a><\/p>\n<p><em>\u00a0<\/em><\/p>\n<p style=\"text-align: center;\"><span style=\"color: #d6a7a7;\">*****************************<\/span><\/p>\n<p><span style=\"font-size: 18pt;\">Jelena \u0160esni\u0107<\/span><\/p>\n<p><strong>Publications:<\/strong><\/p>\n<p>\u00b7 \u201eHow to Nurture &#8216;Little&#8217; Men and &#8216;Little&#8217; Women: New Directions in Louisa May Alcott&#8217;s Educational Novels\u201c. <em>Breaking Stereotypes in American Popular Culture: Proceedings of the 10th Annual Conference of the Croatian Association for American Studies<\/em>, edited by Sanja Runti\u0107 et al., \u00a0FF Open Press, HUAmS, Zagreb, 2023, pp. 9-40.<br \/>\nDOI: <a href=\"https:\/\/doi.org\/10.17234\/9789533791258.02\">https:\/\/doi.org\/10.17234\/9789533791258.02<\/a><br \/>\n(<a href=\"https:\/\/tall19.ffzg.unizg.hr\/wp-content\/uploads\/2023\/11\/Sesnic_Jelena_9-40_Alcott-2023.pdf\">download<span style=\"background-color: #f7eded;\"> .pdf<\/span><\/a>)<\/p>\n<p>\u00b7 \u201eBenjamin Franklin, Max Weber, and the Elusive &#8216;Spirit of Capitalism&#8217;\u201c. <em>Ekonomija i knji\u017eevnost. Economy and Literature<\/em>, ur. Marijana Hamer\u0161ak, Ma\u0161a Kolanovi\u0107 i Lana Molvarec. Zagreb, Hrvatska sveu\u010dili\u0161na naklada, 2022, str. 77-115.<br \/>\n(<a href=\"https:\/\/tall19.ffzg.unizg.hr\/wp-content\/uploads\/2023\/11\/Sesnic-2023-Franklin_Max_Weber_and_the_Elus.pdf\">download <span style=\"background-color: #f7eded;\">.pdf<\/span><\/a>)<\/p>\n<p>\u00b7 \u201eLouisa May Alcott&#8217;s Changing Views on Women, Marriage, and Work in <em>Work<\/em>\u201c. <em>European journal of American studies<\/em> [Online], 17-3\u00a0|\u00a02022, Online since 26 October 2022, connection on 25 November 2022. URL: http:\/\/journals.openedition.org\/ejas\/18592;<br \/>\nDOI: <a href=\"https:\/\/doi.org\/10.4000\/ejas.18592\">https:\/\/doi.org\/10.4000\/ejas.18592<\/a><\/p>\n<p>\u00b7 \u201eGoli otok kao &#8216;mjesto pam\u0107enja&#8217; u suvremenoj knji\u017eevnosti svjedo\u010denja\u201c. <em>Republika<\/em>, sv. 76, br. 1-2, sije\u010danj-velja\u010da 2021, str. 103-09.<\/p>\n<p>\u00b7 \u201eU.S. Literature&#8217;s Images of the Great War and the Loss of Innocence\u201c. <em>Europa im Shatten des Ersten Weltkrieges: Kollabierende Imperien, Staatenbildung und politische Gewalt<\/em>. Herausgegeben von Marijan Bobinac, Wolfgang M\u00fcller Funk, Andrea Seidler, Jelena Spreicer, Ale\u0161 Urv\u00e1lek. T\u00fcbingen: Narr Francke Attempto Verlag, 2021, pp. 193-212.<\/p>\n<p>\u00b7 \u201eRe-centering the History of the Americas: Toni Morrison&#8217;s <em>Beloved<\/em> and <em>A Mercy<\/em>.\u201c <em>Working Papers in American Studies<\/em>, vol. IV, <em>Transformation: Nature and Economy in Modern English and American Culture, <\/em>Zagreb: HUAmS, FF Press, 2020, pp. 91-120.<\/p>\n<p>DOI: <a href=\"https:\/\/doi.org\/10.17234\/WPAS.2020.5\">https:\/\/doi.org\/10.17234\/WPAS.2020.5<\/a><\/p>\n<p>\u00b7 \u201eMargaret Fuller, America&#8217;s First Transnational Romantic\u201c. <em>Aspects of Transnationality in American Literature and American English<\/em>, edited by Aleksandra Izgarjan, Dubravka \u0110uri\u0107, and Sabina Halupka-Re\u0161etar. Novi Sad: Faculty of Philosophy in Novi Sad, 2020, pp. 91-108.<\/p>\n<p><a href=\"https:\/\/digitalna.ff.uns.ac.rs\/sites\/default\/files\/db\/books\/978-86-6065-632-4.pdf\">https:\/\/digitalna.ff.uns.ac.rs\/sites\/default\/files\/db\/books\/978-86-6065-632-4.pdf<\/a><\/p>\n<p>\u00b7 \u201eAmeri\u010dka kultura i knji\u017eevnost u <em>Viencu<\/em>\u201c. <em>Kolo: \u010dasopis Matice hrvatske za knji\u017eevnost, umjetnost i kulturu<\/em>, vol. XXX, br. 1, 2020, str. 137-43.<\/p>\n<p>\u00b7 \u201eFrom Dangerous Rites of Passing to Staging Oneself in a Multicultural America: <em>The Human Stain<\/em> and <em>Native Speaker<\/em>\u201c. <em>Encompassing Passing: Identities in the Making<\/em>, edited by Michaela Mudure. Berlin: Peter Lang, 2020, pp. 153- 70. <a href=\"https:\/\/doi.org\/10.3726\/b17424\">DOI 10.3726\/b17424<\/a><\/p>\n<p>\u00b7 \u201eThe Irish and the Croats in the Great Migration: A Comparative Perspective.\u201c <em>Migrations: Literary and Linguistic Aspects<\/em>, edited by Ivo Fabijani\u0107, Lidija \u0160trmelj, Vesna Uki\u0107 Ko\u0161ta, and Monika Bregovi\u0107. Berlin: Peter Lang, 2019, pp. 41-59. <a href=\"https:\/\/doi.org\/10.3726\/b15418\">DOI: 10.3726\/b15418<\/a><\/p>\n<p>\u00b7 \u201eGeopolitical Imaginaries: Croatian Diasporic Writers in North America.\u201c <em>Twentieth-Century Literature<\/em>, vol. 65, no. 1, March 2019, pp. 71-96. <a href=\"https:\/\/doi.org\/10.1215\/0041462X-7378817\">DOI 10.1215\/0041462X-7378817<\/a><\/p>\n<p>\u00b7 \u201eMargaret Fuller: A Romantic &#8216;New Woman&#8217; Poised Between Text and Life\u201c. <em>Neglected American Women Writers of the Long Nineteenth Century<\/em>, edited by Verena Laschinger and Sirpa Salenius. New York and London: Routledge, 2019, pp. 101-115.<\/p>\n<p>\u00b7 \u201eThe Past and Present of Age and Ageing in <em>The Country of the Pointed Firs<\/em> and <em>Olive Kitteridge<\/em>\u201c. <em>Anafora: \u010dasopis za znanost o knji\u017eevnosti<\/em>, vol. VI, no. 2, 2019, pp. 443-67. <a href=\"https:\/\/doi.org\/10.29162\/ANAFORA.v6i2.8\">https:\/\/doi.org\/10.29162\/ANAFORA.v6i2.8<\/a><\/p>\n<p>\u00b7 \u201eAnglofona transatlantska knji\u017eevnost 18. stolje\u0107a: novi senzibilitet, sentimentalizam i moderni subjekt\u201c. <em>Knji\u017eevna smotra<\/em>, LI\/ 2019, br. 194 (4), str. 83-98. <a href=\"https:\/\/hrcak.srce.hr\/clanak\/339696\">https:\/\/hrcak.srce.hr\/clanak\/339696<\/a><\/p>\n<p>\u00b7 \u201eMilan Begovi\u0107&#8217;s <em>Giga Bari\u0107eva<\/em> as a Cultural Palimpsest of the Late Empire\u201c. <em>Mehrsprachigkeit in Imperien\/ Multilingualism in Empires<\/em>. Herausbegeben von Marijan Bobinac, Wolfgang M\u00fcller-Funk und Jelena Spreicer. Zagreb: Leykam International, 2019, pp. 279-297.<\/p>\n<p>&nbsp;<\/p>\n<p style=\"text-align: center;\"><span style=\"color: #d6a7a7;\">**********************************<\/span><\/p>\n<p><span style=\"font-size: 18pt;\">Martina Domines<br \/>\n<\/span><\/p>\n<p><strong>Books:<\/strong><\/p>\n<p><em>\u00b7 William Wordsworth i romanti\u010dko sje\u0107anje<\/em> (Zagreb: FF Press, 2021)<br \/>\n<a href=\"https:\/\/openbooks.ffzg.unizg.hr\/index.php\/FFpress\/catalog\/book\/117\">https:\/\/openbooks.ffzg.unizg.hr\/index.php\/FFpress\/catalog\/book\/117<\/a><\/p>\n<p><strong>Edited volumes:<\/strong><\/p>\n<p>\u00b7\u00a0 Domines, Martina &amp; Charles I. Armstrong (eds.).<em>Suffering in Anglophone Literatures <\/em>(Rowman and Littlefield, Lexington Books, US, forthcoming 2024)<em><br \/>\n\u00b7 \u00a0<\/em>Editor with Cian Duffy. <em>Romanticism and the Cultures of Infancy<\/em> (Cham, Switzerland: Palgrave Macmillan, 2020)<br \/>\n<a href=\"https:\/\/link.springer.com\/book\/10.1007\/978-3-030-50429-8\">https:\/\/link.springer.com\/book\/10.1007\/978-3-030-50429-8<\/a><\/p>\n<p><strong>Book chapters:<\/strong><\/p>\n<ul>\n<li>&#8216;Mary Shelley&#8217;s Gendered Apocalypse in <em>The Last Man<\/em>&#8216; in 4th CELLTTS Proceedings: <em>Re-examining Gender Concepts and Identities in Discourses and Practices across Periods and Disciplines<\/em> edited by Ifeta \u0106iri\u0107 Fazlija and Selma \u0110uliman, Sarajevo: University of Sarajevo (2022) 205-219<br \/>\n<a href=\"https:\/\/ebooks.ff.unsa.ba\/index.php\/ebooks_ffunsa\/catalog\/book\/67\">https:\/\/ebooks.ff.unsa.ba\/index.php\/ebooks_ffunsa\/catalog\/book\/67<\/a><\/li>\n<\/ul>\n<ul>\n<li>With Cian Duffy \u2018Introduction \u2013 the Romantic Cultures of Infancy\u2019 in <em>Romanticism and the Cultures of Infancy<\/em>, edited by Martina Domines Veliki and Cian Duffy, Palgrave Macmillan, (2020) 1-21<br \/>\n<a href=\"https:\/\/link.springer.com\/chapter\/10.1007\/978-3-030-50429-8_1\">https:\/\/link.springer.com\/chapter\/10.1007\/978-3-030-50429-8_1<\/a><\/li>\n<\/ul>\n<ul>\n<li>With Cian Duffy \u201c\u2019A detached peninsula: Infancy in the Work of Thomas De Quincey\u201d in <em>Romanticism and the Cultures of Infancy<\/em>, edited by Martina Domines Veliki and Cian Duffy, Palgrave Macmillan, (2020) 21-42<br \/>\n<a href=\"https:\/\/link.springer.com\/chapter\/10.1007\/978-3-030-50429-8_2\">https:\/\/link.springer.com\/chapter\/10.1007\/978-3-030-50429-8_2<\/a><\/li>\n<\/ul>\n<ul>\n<li>\u201cReading <em>Frankenstein<\/em> in the Light of the Immigration Crisis\u201d in <em>Migrations \u2013 Literary and Linguistic Aspects<\/em>, edited by Vesna Uki\u0107-Ko\u0161ta, Monika Bregovi\u0107, Ivo Fabijani\u0107 and Lidija \u0160trmelj, Peter Lang (2019) 137-148 (<a href=\"https:\/\/tall19.ffzg.unizg.hr\/wp-content\/uploads\/2023\/01\/Domines-Veliki-Reading-Frankenstein-in-the-light-of-the-immigration-crisis.pdf\">download <span style=\"background-color: #f2e4e4;\">.pdf<\/span><\/a> ).<\/li>\n<\/ul>\n<p><strong>Articles in peer-reviewed journals:<\/strong><\/p>\n<ul>\n<li>\u201cVisualizing Poverty in Wordsworth\u2019s Poetry\u2019, <em>Umjetnost rije\u010di<\/em> (2019) 161-178 (<a href=\"https:\/\/tall19.ffzg.unizg.hr\/wp-content\/uploads\/2023\/01\/Domines-Veliki-Visualizing-Poverty-in-Wordsworths-Poetry.pdf\">download <span style=\"background-color: #f2e4e4;\">.pdf<\/span><\/a> ).<\/li>\n<\/ul>\n<p>For full bibliography list see: <a href=\"https:\/\/bib.irb.hr\/lista-radova?autor=274170\">https:\/\/bib.irb.hr\/lista-radova?autor=274170<\/a><\/p>\n<p>&nbsp;<\/p>\n","protected":false},"excerpt":{"rendered":"<p>Tatjana Juki\u0107 Book chapters and articles: \u00b7 &#8220;The Victorian Chthonic Sublime,&#8221; The Cambridge Companion to the Romantic Sublime, ed. Cian Duffy, Cambridge: Cambridge University Press, 2023, 223-235. . &#8220;Hitchcockove glave: Sjever-sjeverozapad&#8220;. Filmska \u010ditanka. Kinoklub Zagreb. 21.09.2023. https:\/\/kkz.hr\/vijesti\/hitchcockove-glave-sjever-sjeverozapad . &#8220;Alfred Tennyson: Gospa od Shalotta&#8221;. Najbolje knjige. 06.07.2023. https:\/\/www.najboljeknjige.com\/vijesti\/alfred-tennyson-gospa-od-shalotta . &#8220;Defining Pre-Raphaelite Poetics ed. by Heather Bozant &hellip;<\/p>\n<p class=\"read-more\"> <a class=\"\" href=\"https:\/\/tall19.ffzg.unizg.hr\/en\/publications\/\"> <span class=\"screen-reader-text\">Publications<\/span> Read More &raquo;<\/a><\/p>\n","protected":false},"author":1,"featured_media":0,"parent":0,"menu_order":0,"comment_status":"closed","ping_status":"closed","template":"","meta":{"site-sidebar-layout":"default","site-content-layout":"default","ast-global-header-display":"","ast-main-header-display":"","ast-hfb-above-header-display":"","ast-hfb-below-header-display":"","ast-hfb-mobile-header-display":"","site-post-title":"","ast-breadcrumbs-content":"","ast-featured-img":"","footer-sml-layout":"","theme-transparent-header-meta":"default","adv-header-id-meta":"","stick-header-meta":"","header-above-stick-meta":"","header-main-stick-meta":"","header-below-stick-meta":"","footnotes":""},"class_list":["post-201","page","type-page","status-publish","hentry"],"_links":{"self":[{"href":"https:\/\/tall19.ffzg.unizg.hr\/en\/wp-json\/wp\/v2\/pages\/201","targetHints":{"allow":["GET"]}}],"collection":[{"href":"https:\/\/tall19.ffzg.unizg.hr\/en\/wp-json\/wp\/v2\/pages"}],"about":[{"href":"https:\/\/tall19.ffzg.unizg.hr\/en\/wp-json\/wp\/v2\/types\/page"}],"author":[{"embeddable":true,"href":"https:\/\/tall19.ffzg.unizg.hr\/en\/wp-json\/wp\/v2\/users\/1"}],"replies":[{"embeddable":true,"href":"https:\/\/tall19.ffzg.unizg.hr\/en\/wp-json\/wp\/v2\/comments?post=201"}],"version-history":[{"count":21,"href":"https:\/\/tall19.ffzg.unizg.hr\/en\/wp-json\/wp\/v2\/pages\/201\/revisions"}],"predecessor-version":[{"id":542,"href":"https:\/\/tall19.ffzg.unizg.hr\/en\/wp-json\/wp\/v2\/pages\/201\/revisions\/542"}],"wp:attachment":[{"href":"https:\/\/tall19.ffzg.unizg.hr\/en\/wp-json\/wp\/v2\/media?parent=201"}],"curies":[{"name":"wp","href":"https:\/\/api.w.org\/{rel}","templated":true}]}}